{"id":9062,"date":"2020-02-20T08:43:13","date_gmt":"2020-02-20T08:43:13","guid":{"rendered":"https:\/\/www.ristorante-latorre.de\/?page_id=9062"},"modified":"2025-10-07T08:03:19","modified_gmt":"2025-10-07T08:03:19","slug":"restaurant-home-4","status":"publish","type":"page","link":"https:\/\/www.ristorante-latorre.de\/","title":{"rendered":"Restaurant Home"},"content":{"rendered":"<p>[vc_row css=&#8220;.vc_custom_1475246595136{padding-right: 13% !important;padding-left: 13% !important;}&#8220;][vc_column][vc_empty_space][vc_empty_space][vc_single_image image=&#8220;8809&#8243; img_size=&#8220;full&#8220; onclick=&#8220;link_image&#8220;][vc_empty_space][vc_single_image image=&#8220;8808&#8243; img_size=&#8220;full&#8220; onclick=&#8220;link_image&#8220;][vc_empty_space][\/vc_column][\/vc_row][vc_row content_width=&#8220;grid&#8220; content_aligment=&#8220;center&#8220; css=&#8220;.vc_custom_1475488324569{padding-bottom: 100px !important;}&#8220;][vc_column][vc_single_image image=&#8220;9165&#8243; img_size=&#8220;full&#8220; alignment=&#8220;center&#8220; style=&#8220;vc_box_shadow_3d&#8220;][vc_empty_space][vc_single_image image=&#8220;9089&#8243; img_size=&#8220;full&#8220; alignment=&#8220;center&#8220;][\/vc_column][\/vc_row][vc_row content_width=&#8220;grid&#8220; content_aligment=&#8220;center&#8220; css=&#8220;.vc_custom_1475488324569{padding-bottom: 100px !important;}&#8220;][vc_column][vc_column_text]<\/p>\n<h5>Luciano Ruzza &amp; Team<\/h5>\n<p>[\/vc_column_text][vc_single_image image=&#8220;8719&#8243; img_size=&#8220;medium&#8220; alignment=&#8220;center&#8220;][\/vc_column][\/vc_row][vc_row row_type=&#8220;parallax&#8220; content_width=&#8220;grid&#8220; full_screen_section_height=&#8220;yes&#8220; parallax_background_image=&#8220;8812&#8243; css=&#8220;.vc_custom_1550588867338{padding-top: 100px !important;padding-bottom: 80px !important;}&#8220;][vc_column offset=&#8220;vc_col-lg-offset-2 vc_col-lg-8&#8243;][\/vc_column][\/vc_row][vc_row content_width=&#8220;grid&#8220; content_aligment=&#8220;center&#8220; css=&#8220;.vc_custom_1475488392636{padding-top: 95px !important;padding-bottom: 50px !important;}&#8220;][vc_column offset=&#8220;vc_col-lg-offset-3 vc_col-lg-6 vc_col-md-offset-1 vc_col-md-10&#8243;]<div class=\"eltd-section-title-outer-holder\" style=\"text-align: center\">\n\n\t\t\t<div class=\"eltd-section-subtitle-holder\">\n\t\t\t<h5 class=\"eltd-section-subtitle\" style=\";;color: #333333;;;;\">\n\t\t\t\tdas beste der italienischen k\u00fcche\t\t\t<\/h5>\n\t\t<\/div>\n\t\n\t\t\t<div class=\"eltd-section-title-title-holder\">\n\t\t\t\t<h2 class=\"eltd-section-title\" style=\";font-size: 32px;;font-weight: 600;line-height: 40px;text-transform: Uppercase;letter-spacing: 5px;\">\n\t\t\t\tUnsere Speisekarte\t\t\t\t<\/h2>\n\t\t<\/div>\n\t\n<\/div>[vc_column_text][\/vc_column_text][\/vc_column][\/vc_row][vc_row anchor=&#8220;vorspeisen&#8220; css=&#8220;.vc_custom_1581676937093{margin-bottom: 80px !important;}&#8220;][vc_column][vc_single_image image=&#8220;9145&#8243; img_size=&#8220;full&#8220; alignment=&#8220;center&#8220;][\/vc_column][\/vc_row][vc_row row_type=&#8220;parallax&#8220; content_width=&#8220;grid&#8220; full_screen_section_height=&#8220;no&#8220; parallax_background_image=&#8220;8811&#8243; css=&#8220;.vc_custom_1550588688775{padding-top: 100px !important;padding-bottom: 80px !important;}&#8220;][vc_column offset=&#8220;vc_col-lg-offset-2 vc_col-lg-8&#8243;]<div class=\"eltd-testimonials-holder clearfix\">\n\t<div class=\"eltd-testimonials eltd-with-image light\"  data-items=\"3\" data-autoplay-speed=\"3000\" data-navigation=\"no\" data-pagination=\"yes\">\n\t\t<div class=\"eltd-testimonial-content\">\n\t\t\t<div class=\"eltd-testimonials-image\">\n\t\t\t<div class=\"eltd-testimonials-image-inner\" style=\"background-image: url(https:\/\/www.ristorante-latorre.de\/wp-content\/uploads\/2016\/09\/nexus2cee_Search-Thumb.png)\">\n\t\t\t<\/div>\n\t\t<\/div>\n\t\t<div class=\"eltd-testimonials-text\">\n\t\t<p>\"Wunderbar. Essen sehr lecker, Bedienung authentisch, flott und zuvorkommend. Dabei doch zur\u00fcckhaltend. Wir haben uns sehr gut aufgehoben gef\u00fchlt.\"<\/p>\n\t<\/div>\n\t<div class=\"eltd-testimonials-author\">\n\t\t<h5>Basal Muharrem via Google<\/h5>\n\t<\/div>\n<\/div><div class=\"eltd-testimonial-content\">\n\t\t\t<div class=\"eltd-testimonials-image\">\n\t\t\t<div class=\"eltd-testimonials-image-inner\" style=\"background-image: url(https:\/\/www.ristorante-latorre.de\/wp-content\/uploads\/2016\/09\/nexus2cee_Search-Thumb.png)\">\n\t\t\t<\/div>\n\t\t<\/div>\n\t\t<div class=\"eltd-testimonials-text\">\n\t\t<p>\"Super Essen und im Sommer kann man sehr sch\u00f6n drau\u00dfen sitzen\"<\/p>\n\t<\/div>\n\t<div class=\"eltd-testimonials-author\">\n\t\t<h5>Stefan Geiger via Google<\/h5>\n\t<\/div>\n<\/div><div class=\"eltd-testimonial-content\">\n\t\t\t<div class=\"eltd-testimonials-image\">\n\t\t\t<div class=\"eltd-testimonials-image-inner\" style=\"background-image: url(https:\/\/www.ristorante-latorre.de\/wp-content\/uploads\/2016\/09\/nexus2cee_Search-Thumb.png)\">\n\t\t\t<\/div>\n\t\t<\/div>\n\t\t<div class=\"eltd-testimonials-text\">\n\t\t<p>\"Sch\u00f6nes Ambiente, aufmerksamer und freundlicher Service, so muss das sein! Ich hatte Spaghetti Bolognese und es war super lecker! Ich komme definitiv wieder. Grazie!!!\"<\/p>\n\t<\/div>\n\t<div class=\"eltd-testimonials-author\">\n\t\t<h5>Ranier Peredo via Google<\/h5>\n\t<\/div>\n<\/div>\t<\/div>\n<\/div>[\/vc_column][\/vc_row][vc_row content_width=&#8220;grid&#8220; anchor=&#8220;kontakt&#8220; css=&#8220;.vc_custom_1550741905521{padding-top: 95px !important;padding-bottom: 30px !important;background-image: url(http:\/\/ristorante-latorre.de\/wp-content\/uploads\/2019\/02\/bg_red-2.jpg?id=8823) !important;}&#8220;][vc_column][vc_row_inner][vc_column_inner width=&#8220;1\/2&#8243;][vc_single_image image=&#8220;8785&#8243; img_size=&#8220;full&#8220; onclick=&#8220;zoom&#8220;][\/vc_column_inner][vc_column_inner width=&#8220;1\/2&#8243;][vc_empty_space]\n<div class=\"wpcf7 no-js\" id=\"wpcf7-f175-o1\" lang=\"en-US\" dir=\"ltr\" data-wpcf7-id=\"175\">\n<div class=\"screen-reader-response\"><p role=\"status\" aria-live=\"polite\" aria-atomic=\"true\"><\/p> <ul><\/ul><\/div>\n<form action=\"\/index.php?rest_route=%2Fwp%2Fv2%2Fpages%2F9062#wpcf7-f175-o1\" method=\"post\" class=\"wpcf7-form init\" aria-label=\"Contact form\" novalidate=\"novalidate\" data-status=\"init\">\n<fieldset class=\"hidden-fields-container\"><input type=\"hidden\" name=\"_wpcf7\" value=\"175\" \/><input type=\"hidden\" name=\"_wpcf7_version\" value=\"6.1.5\" \/><input type=\"hidden\" name=\"_wpcf7_locale\" value=\"en_US\" \/><input type=\"hidden\" name=\"_wpcf7_unit_tag\" value=\"wpcf7-f175-o1\" \/><input type=\"hidden\" name=\"_wpcf7_container_post\" value=\"0\" \/><input type=\"hidden\" name=\"_wpcf7_posted_data_hash\" value=\"\" \/>\n<\/fieldset>\n<p><span class=\"wpcf7-form-control-wrap\" data-name=\"name\"><input size=\"40\" maxlength=\"400\" class=\"wpcf7-form-control wpcf7-text wpcf7-validates-as-required\" aria-required=\"true\" aria-invalid=\"false\" placeholder=\"Ihr Name*\" value=\"\" type=\"text\" name=\"name\" \/><\/span>\n<\/p>\n<p><span class=\"wpcf7-form-control-wrap\" data-name=\"email\"><input size=\"40\" maxlength=\"400\" class=\"wpcf7-form-control wpcf7-email wpcf7-validates-as-required wpcf7-text wpcf7-validates-as-email\" aria-required=\"true\" aria-invalid=\"false\" placeholder=\"Ihre E-Mail Adresse*\" value=\"\" type=\"email\" name=\"email\" \/><\/span>\n<\/p>\n<p><span class=\"wpcf7-form-control-wrap\" data-name=\"message\"><textarea cols=\"40\" rows=\"5\" maxlength=\"2000\" class=\"wpcf7-form-control wpcf7-textarea wpcf7-validates-as-required\" aria-required=\"true\" aria-invalid=\"false\" placeholder=\"Ihre Nachricht*\" name=\"message\"><\/textarea><\/span>\n<\/p>\n<p><input class=\"wpcf7-form-control wpcf7-submit has-spinner\" type=\"submit\" value=\"SENDEN\" \/>\n<\/p><div class=\"wpcf7-response-output\" aria-hidden=\"true\"><\/div>\n<\/form>\n<\/div>\n[vc_column_text]<span style=\"color: #ffffff;\">Bitte haben Sie Verst\u00e4ndnis daf\u00fcr, dass wir \u00fcber unser Kontaktformular <strong>keine Reservierungen<\/strong> entgegennehmen k\u00f6nnen. Vielen Dank![\/vc_column_text][\/vc_column_inner][\/vc_row_inner][vc_row_inner][vc_column_inner width=&#8220;1\/5&#8243;][\/vc_column_inner][vc_column_inner width=&#8220;1\/5&#8243;][\/vc_column_inner][vc_column_inner width=&#8220;1\/5&#8243;][\/vc_column_inner][vc_column_inner width=&#8220;1\/5&#8243;]<div class=\"eltd-section-title-outer-holder\" style=\"text-align: left\">\n\n\t\n\t\t\t<div class=\"eltd-section-title-title-holder\">\n\t\t\t\t<h4 class=\"eltd-section-title\" style=\";;color: #ffffff;;;text-transform: Uppercase;;\">\n\t\t\t\tUnsere Adresse\t\t\t\t<\/h4>\n\t\t<\/div>\n\t\n<\/div>[vc_column_text]<span style=\"color: #ffffff;\">Ristorante La Torre<br \/>\nNeckargasse 22<br \/>\n72070 T\u00fcbingen<br \/>\nTelefon: +49 7071 256716<\/span>[\/vc_column_text][\/vc_column_inner][vc_column_inner width=&#8220;1\/5&#8243;]<div class=\"eltd-section-title-outer-holder\" style=\"text-align: left\">\n\n\t\n\t\t\t<div class=\"eltd-section-title-title-holder\">\n\t\t\t\t<h4 class=\"eltd-section-title\" style=\";;color: #ffffff;;;text-transform: Uppercase;;\">\n\t\t\t\t\u00d6ffnungszeiten\t\t\t\t<\/h4>\n\t\t<\/div>\n\t\n<\/div>[vc_column_text]<span style=\"color: #ffffff;\"><strong> Montag, Dienstag, Donnerstag &amp; Freitag<\/strong><br \/>\n11:30\u201314:30 Uhr<br \/>\n17:00\u201322:00 Uhr<\/span><\/span><\/p>\n<p><span style=\"color: #ffffff;\"><strong>Mittwoch Ruhetag!<\/strong><\/span><\/p>\n<p><span style=\"color: #ffffff;\"><strong>Samstag<\/strong><br \/>\n11:30\u201314:30 Uhr<br \/>\n17:00\u201322:00 Uhr<\/span><\/p>\n<p><span style=\"color: #ffffff;\"><strong>Sonntag<\/strong><br \/>\n12:00-20:30 Uhr<\/span>[\/vc_column_text][\/vc_column_inner][\/vc_row_inner][\/vc_column][\/vc_row]<\/p>\n","protected":false},"excerpt":{"rendered":"<p>[vc_row css=&#8220;.vc_custom_1475246595136{padding-right: 13% !important;padding-left: 13% !important;}&#8220;][vc_column][vc_empty_space][vc_empty_space][vc_single_image image=&#8220;8809&#8243; img_size=&#8220;full&#8220; onclick=&#8220;link_image&#8220;][vc_empty_space][vc_single_image image=&#8220;8808&#8243; img_size=&#8220;full&#8220; onclick=&#8220;link_image&#8220;][vc_empty_space][\/vc_column][\/vc_row][vc_row content_width=&#8220;grid&#8220; content_aligment=&#8220;center&#8220; css=&#8220;.vc_custom_1475488324569{padding-bottom: 100px !important;}&#8220;][vc_column][vc_single_image image=&#8220;9165&#8243; img_size=&#8220;full&#8220; alignment=&#8220;center&#8220; style=&#8220;vc_box_shadow_3d&#8220;][vc_empty_space][vc_single_image image=&#8220;9089&#8243; img_size=&#8220;full&#8220; alignment=&#8220;center&#8220;][\/vc_column][\/vc_row][vc_row content_width=&#8220;grid&#8220; content_aligment=&#8220;center&#8220; css=&#8220;.vc_custom_1475488324569{padding-bottom: 100px !important;}&#8220;][vc_column][vc_column_text] Luciano Ruzza &amp; Team [\/vc_column_text][vc_single_image image=&#8220;8719&#8243; img_size=&#8220;medium&#8220; alignment=&#8220;center&#8220;][\/vc_column][\/vc_row][vc_row row_type=&#8220;parallax&#8220; content_width=&#8220;grid&#8220; full_screen_section_height=&#8220;yes&#8220; parallax_background_image=&#8220;8812&#8243; css=&#8220;.vc_custom_1550588867338{padding-top: 100px !important;padding-bottom: 80px&#8230;<\/p>\n","protected":false},"author":1,"featured_media":0,"parent":0,"menu_order":0,"comment_status":"closed","ping_status":"closed","template":"full-width.php","meta":{"footnotes":""},"class_list":["post-9062","page","type-page","status-publish","hentry"],"_links":{"self":[{"href":"https:\/\/www.ristorante-latorre.de\/index.php?rest_route=\/wp\/v2\/pages\/9062","targetHints":{"allow":["GET"]}}],"collection":[{"href":"https:\/\/www.ristorante-latorre.de\/index.php?rest_route=\/wp\/v2\/pages"}],"about":[{"href":"https:\/\/www.ristorante-latorre.de\/index.php?rest_route=\/wp\/v2\/types\/page"}],"author":[{"embeddable":true,"href":"https:\/\/www.ristorante-latorre.de\/index.php?rest_route=\/wp\/v2\/users\/1"}],"replies":[{"embeddable":true,"href":"https:\/\/www.ristorante-latorre.de\/index.php?rest_route=%2Fwp%2Fv2%2Fcomments&post=9062"}],"version-history":[{"count":62,"href":"https:\/\/www.ristorante-latorre.de\/index.php?rest_route=\/wp\/v2\/pages\/9062\/revisions"}],"predecessor-version":[{"id":9166,"href":"https:\/\/www.ristorante-latorre.de\/index.php?rest_route=\/wp\/v2\/pages\/9062\/revisions\/9166"}],"wp:attachment":[{"href":"https:\/\/www.ristorante-latorre.de\/index.php?rest_route=%2Fwp%2Fv2%2Fmedia&parent=9062"}],"curies":[{"name":"wp","href":"https:\/\/api.w.org\/{rel}","templated":true}]}}