{"id":8826,"date":"2019-02-21T09:59:30","date_gmt":"2019-02-21T09:59:30","guid":{"rendered":"http:\/\/ristorante-latorre.de\/?page_id=8826"},"modified":"2025-05-08T12:35:34","modified_gmt":"2025-05-08T12:35:34","slug":"about-us-2","status":"publish","type":"page","link":"https:\/\/www.ristorante-latorre.de\/?page_id=8826","title":{"rendered":"Impressum"},"content":{"rendered":"<p>[vc_row content_width=&#8220;grid&#8220; content_aligment=&#8220;center&#8220; css=&#8220;.vc_custom_1476867859128{padding-top: 95px !important;padding-bottom: 65px !important;}&#8220;][vc_column offset=&#8220;vc_col-lg-offset-3 vc_col-lg-6 vc_col-md-offset-1 vc_col-md-10&#8243;]<div class=\"eltd-section-title-outer-holder\" style=\"text-align: center\">\n\n\t\n\t\t\t<div class=\"eltd-section-title-title-holder\">\n\t\t\t\t<h2 class=\"eltd-section-title\" style=\";font-size: 60px;;font-weight: 600;line-height: 79px;text-transform: None;letter-spacing: 0.5px;\">\n\t\t\t\tImpressum\t\t\t\t<\/h2>\n\t\t<\/div>\n\t\n<\/div><div class=\"eltd-separator-holder clearfix  eltd-separator-center\">\n\t<div class=\"eltd-separator\" style=\"border-color: #c1c1c1;border-style: solid;width: 100%;border-bottom-width: 1px;margin-top: 30px;margin-bottom: 30px\"><\/div>\n<\/div>\n[\/vc_column][\/vc_row][vc_row css=&#8220;.vc_custom_1550744179911{padding-bottom: 90px !important;}&#8220;][vc_column width=&#8220;1\/6&#8243;][\/vc_column][vc_column width=&#8220;2\/3&#8243;]<div class=\"eltd-section-title-outer-holder\" style=\"text-align: left\">\n\n\t\n\t\t\t<div class=\"eltd-section-title-title-holder\">\n\t\t\t\t<h2 class=\"eltd-section-title\" style=\";font-size: 18px;;font-weight: 600;line-height: 21px;text-transform: None;;\">\n\t\t\t\tAnbieter der Internetseite\t\t\t\t<\/h2>\n\t\t<\/div>\n\t\n<\/div>[vc_empty_space height=&#8220;12px&#8220;][vc_column_text]Ristorante La Torre<br \/>\nLuciano Ruzza<br \/>\nNeckargasse 22<br \/>\n72070 T\u00fcbingen<br \/>\ninfo[at]ristorante-latorre.de[\/vc_column_text][vc_empty_space height=&#8220;21px&#8220;]<div class=\"eltd-section-title-outer-holder\" style=\"text-align: left\">\n\n\t\n\t\t\t<div class=\"eltd-section-title-title-holder\">\n\t\t\t\t<h2 class=\"eltd-section-title\" style=\";font-size: 18px;;font-weight: 600;line-height: 21px;text-transform: None;;\">\n\t\t\t\tHaftungshinweise\t\t\t\t<\/h2>\n\t\t<\/div>\n\t\n<\/div>[vc_empty_space height=&#8220;12px&#8220;][vc_column_text]Trotz sorgf\u00e4ltiger inhaltlicher Kontrolle \u00fcbernehmen wir keine Haftung f\u00fcr die Inhalte externer Links. F\u00fcr den Inhalt der verlinkten Seiten sind ausschlie\u00dflich deren Betreiber verantwortlich.[\/vc_column_text][vc_empty_space height=&#8220;21px&#8220;][vc_empty_space height=&#8220;21px&#8220;]<div class=\"eltd-section-title-outer-holder\" style=\"text-align: left\">\n\n\t\n\t\t\t<div class=\"eltd-section-title-title-holder\">\n\t\t\t\t<h2 class=\"eltd-section-title\" style=\";font-size: 18px;;font-weight: 600;line-height: 21px;text-transform: None;;\">\n\t\t\t\tNutzungsbedingungen\t\t\t\t<\/h2>\n\t\t<\/div>\n\t\n<\/div>[vc_empty_space height=&#8220;12px&#8220;][vc_column_text]<strong>1. Haftung\u00a0<\/strong><\/p>\n<p>F\u00fcr Aktualit\u00e4t, Richtigkeit oder Vollst\u00e4ndigkeit der bereitgestellten Informationen \u00fcbernehmen wir keine Gew\u00e4hr. Haftungsanspr\u00fcche gegen uns, welche durch die Nutzung oder Nichtnutzung oder durch die Nutzung fehlerhafter und unvollst\u00e4ndiger Informationen verursacht wurden, sind grunds\u00e4tzlich ausgeschlossen, sofern kein vors\u00e4tzliches oder grob fahrl\u00e4ssiges Handeln vorliegt. Wir behalten uns ausdr\u00fccklich vor, Teile der Seiten oder das gesamte Angebot ohne gesonderte Ank\u00fcndigung zu ver\u00e4ndern, zu erg\u00e4nzen, zu l\u00f6schen oder die Ver\u00f6ffentlichung einzustellen.<\/p>\n<p><strong>2. Kommunikation\u00a0<\/strong><\/p>\n<p>Es wird ausdr\u00fccklich darauf hingewiesen, dass unverschl\u00fcsselte Kommunikation unsicher ist und die kommunizierten Informationen von unbefugten Dritten ggf. zur Kenntnis genommen werden k\u00f6nnen.<\/p>\n<p><strong>3. Hyperlinks\u00a0<\/strong><\/p>\n<p>Die Website ist als Teil des Internet mit fremden Websites durch Hyperlinks verkn\u00fcpft. Diese fremden Websites k\u00f6nnen sich jederzeit \u00e4ndern. Dass die Links weder gegen Sitten noch Gesetze versto\u00dfen, wurde einmalig vor deren Einrichtung \u00fcberpr\u00fcft. Sie unterliegen nicht unserem, sondern dem Verantwortungsbereich des jeweiligen Seitenbetreibers.<\/p>\n<p><strong>4. Urheberrecht\u00a0<\/strong><\/p>\n<p>Die auf dieser Website ver\u00f6ffentlichten Texte und Bilder sind von uns erstellt oder allgemein und lizenzfrei zug\u00e4nglich. Das Urheber- und Nutzungsrecht f\u00fcr von uns erstellte Texte und Bilder bleibt allein bei uns. Eine Vervielf\u00e4ltigung oder Verwendung solcher Texte und Bilder in anderen elektronischen und\/oder gedruckten Medien ist ohne unsere ausdr\u00fcckliche Zustimmung nicht gestattet.<\/p>\n<p><strong>5. Schutzrechtsverletzungen\u00a0<\/strong><\/p>\n<p>Falls Sie vermuten, dass von dieser Website aus eines Ihrer Schutzrechte verletzt wird, teilen Sie das bitte per E-Mail mit. Wir schaffen bei Berechtigung unverz\u00fcglich Abhilfe. Bitte nehmen Sie zur Kenntnis: Die zeitaufwendige Einschaltung eines Anwaltes zu einer f\u00fcr uns kostenpflichtige Abmahnung entspricht nicht unserem wirklichem oder mutma\u00dflichem Willen[\/vc_column_text][\/vc_column][vc_column width=&#8220;1\/6&#8243;][\/vc_column][\/vc_row]<\/p>\n","protected":false},"excerpt":{"rendered":"<p>[vc_row content_width=&#8220;grid&#8220; content_aligment=&#8220;center&#8220; css=&#8220;.vc_custom_1476867859128{padding-top: 95px !important;padding-bottom: 65px !important;}&#8220;][vc_column offset=&#8220;vc_col-lg-offset-3 vc_col-lg-6 vc_col-md-offset-1 vc_col-md-10&#8243;][\/vc_column][\/vc_row][vc_row css=&#8220;.vc_custom_1550744179911{padding-bottom: 90px !important;}&#8220;][vc_column width=&#8220;1\/6&#8243;][\/vc_column][vc_column width=&#8220;2\/3&#8243;][vc_empty_space height=&#8220;12px&#8220;][vc_column_text]Ristorante La Torre Luciano Ruzza Neckargasse 22 72070 T\u00fcbingen info[at]ristorante-latorre.de[\/vc_column_text][vc_empty_space height=&#8220;21px&#8220;][vc_empty_space height=&#8220;12px&#8220;][vc_column_text]Trotz sorgf\u00e4ltiger inhaltlicher Kontrolle \u00fcbernehmen wir keine Haftung f\u00fcr die Inhalte externer Links. F\u00fcr den Inhalt der&#8230;<\/p>\n","protected":false},"author":1,"featured_media":0,"parent":0,"menu_order":0,"comment_status":"closed","ping_status":"closed","template":"full-width.php","meta":{"footnotes":""},"class_list":["post-8826","page","type-page","status-publish","hentry"],"_links":{"self":[{"href":"https:\/\/www.ristorante-latorre.de\/index.php?rest_route=\/wp\/v2\/pages\/8826","targetHints":{"allow":["GET"]}}],"collection":[{"href":"https:\/\/www.ristorante-latorre.de\/index.php?rest_route=\/wp\/v2\/pages"}],"about":[{"href":"https:\/\/www.ristorante-latorre.de\/index.php?rest_route=\/wp\/v2\/types\/page"}],"author":[{"embeddable":true,"href":"https:\/\/www.ristorante-latorre.de\/index.php?rest_route=\/wp\/v2\/users\/1"}],"replies":[{"embeddable":true,"href":"https:\/\/www.ristorante-latorre.de\/index.php?rest_route=%2Fwp%2Fv2%2Fcomments&post=8826"}],"version-history":[{"count":5,"href":"https:\/\/www.ristorante-latorre.de\/index.php?rest_route=\/wp\/v2\/pages\/8826\/revisions"}],"predecessor-version":[{"id":9162,"href":"https:\/\/www.ristorante-latorre.de\/index.php?rest_route=\/wp\/v2\/pages\/8826\/revisions\/9162"}],"wp:attachment":[{"href":"https:\/\/www.ristorante-latorre.de\/index.php?rest_route=%2Fwp%2Fv2%2Fmedia&parent=8826"}],"curies":[{"name":"wp","href":"https:\/\/api.w.org\/{rel}","templated":true}]}}